{"id":13,"date":"2026-02-03T14:38:40","date_gmt":"2026-02-03T19:38:40","guid":{"rendered":"https:\/\/blebeau.dectim.ca\/cours\/EP\/semaine1\/blogue\/?page_id=13"},"modified":"2026-02-21T14:10:08","modified_gmt":"2026-02-21T19:10:08","slug":"a-propos","status":"publish","type":"page","link":"https:\/\/blebeau.dectim.ca\/cours\/EP\/semaine1\/blogue\/?page_id=13","title":{"rendered":"\u00c0 propos"},"content":{"rendered":"\n<div class=\"wp-block-columns is-layout-flex wp-container-core-columns-is-layout-28f84493 wp-block-columns-is-layout-flex\">\n<div class=\"wp-block-column is-layout-flow wp-block-column-is-layout-flow\">\n<figure class=\"wp-block-image size-large is-resized\"><img loading=\"lazy\" decoding=\"async\" width=\"674\" height=\"1024\" src=\"https:\/\/blebeau.dectim.ca\/cours\/EP\/semaine1\/blogue\/wp-content\/uploads\/2026\/02\/b1e9f44acea09e25ab76cdbd7de62935be039bb1-674x1024.png\" alt=\"\" class=\"wp-image-36\" style=\"aspect-ratio:0.6582065621211529;width:397px;height:auto\" srcset=\"https:\/\/blebeau.dectim.ca\/cours\/EP\/semaine1\/blogue\/wp-content\/uploads\/2026\/02\/b1e9f44acea09e25ab76cdbd7de62935be039bb1-674x1024.png 674w, https:\/\/blebeau.dectim.ca\/cours\/EP\/semaine1\/blogue\/wp-content\/uploads\/2026\/02\/b1e9f44acea09e25ab76cdbd7de62935be039bb1-197x300.png 197w, https:\/\/blebeau.dectim.ca\/cours\/EP\/semaine1\/blogue\/wp-content\/uploads\/2026\/02\/b1e9f44acea09e25ab76cdbd7de62935be039bb1-768x1168.png 768w, https:\/\/blebeau.dectim.ca\/cours\/EP\/semaine1\/blogue\/wp-content\/uploads\/2026\/02\/b1e9f44acea09e25ab76cdbd7de62935be039bb1-1010x1536.png 1010w, https:\/\/blebeau.dectim.ca\/cours\/EP\/semaine1\/blogue\/wp-content\/uploads\/2026\/02\/b1e9f44acea09e25ab76cdbd7de62935be039bb1.png 1080w\" sizes=\"auto, (max-width: 674px) 100vw, 674px\" \/><\/figure>\n<\/div>\n\n\n\n<div class=\"wp-block-column is-vertically-aligned-center is-layout-flow wp-block-column-is-layout-flow\">\n<p class=\"has-medium-font-size\">Bonjour, je m&rsquo;appelle Benjamin, j&rsquo;ai 19 ans (et je passe les 20 cette \u00e9t\u00e9). Je suis aujourd&rsquo;hui en 4\u00e8me ann\u00e9e de TIM apr\u00e8s avoir fait 1 an de programmation aux pr\u00e9alables. J&rsquo;ai une passion pour les sports (en particulier le soccer) et j&rsquo;aime les jeux vid\u00e9o de type fps (first person shooter) comme Valorant. Durant mes heures perdues, je m&rsquo;adonne \u00e0 la cr\u00e9ation de contenue sur YouTube. Mes objectifs et aspirations professionnels sont d\u2019arr\u00eater de procrastiner ainsi que de passer plus de temps de fa\u00e7on hebdomadaire sur mes \u00e9tudes ( passer de 2h de travail par jour \u00e0 3h par jour.)<\/p>\n<\/div>\n<\/div>\n","protected":false},"excerpt":{"rendered":"<p>Bonjour, je m&rsquo;appelle Benjamin, j&rsquo;ai 19 ans (et je passe les 20 cette \u00e9t\u00e9). Je suis aujourd&rsquo;hui en 4\u00e8me ann\u00e9e [&hellip;]<\/p>\n","protected":false},"author":1,"featured_media":0,"parent":0,"menu_order":0,"comment_status":"closed","ping_status":"closed","template":"","meta":{"site-sidebar-layout":"default","site-content-layout":"","ast-site-content-layout":"default","site-content-style":"default","site-sidebar-style":"default","ast-global-header-display":"","ast-banner-title-visibility":"","ast-main-header-display":"","ast-hfb-above-header-display":"","ast-hfb-below-header-display":"","ast-hfb-mobile-header-display":"","site-post-title":"","ast-breadcrumbs-content":"","ast-featured-img":"","footer-sml-layout":"","ast-disable-related-posts":"","theme-transparent-header-meta":"","adv-header-id-meta":"","stick-header-meta":"","header-above-stick-meta":"","header-main-stick-meta":"","header-below-stick-meta":"","astra-migrate-meta-layouts":"default","ast-page-background-enabled":"default","ast-page-background-meta":{"desktop":{"background-color":"var(--ast-global-color-5)","background-image":"","background-repeat":"repeat","background-position":"center center","background-size":"auto","background-attachment":"scroll","background-type":"","background-media":"","overlay-type":"","overlay-color":"","overlay-opacity":"","overlay-gradient":""},"tablet":{"background-color":"","background-image":"","background-repeat":"repeat","background-position":"center center","background-size":"auto","background-attachment":"scroll","background-type":"","background-media":"","overlay-type":"","overlay-color":"","overlay-opacity":"","overlay-gradient":""},"mobile":{"background-color":"","background-image":"","background-repeat":"repeat","background-position":"center center","background-size":"auto","background-attachment":"scroll","background-type":"","background-media":"","overlay-type":"","overlay-color":"","overlay-opacity":"","overlay-gradient":""}},"ast-content-background-meta":{"desktop":{"background-color":"var(--ast-global-color-4)","background-image":"","background-repeat":"repeat","background-position":"center center","background-size":"auto","background-attachment":"scroll","background-type":"","background-media":"","overlay-type":"","overlay-color":"","overlay-opacity":"","overlay-gradient":""},"tablet":{"background-color":"var(--ast-global-color-4)","background-image":"","background-repeat":"repeat","background-position":"center center","background-size":"auto","background-attachment":"scroll","background-type":"","background-media":"","overlay-type":"","overlay-color":"","overlay-opacity":"","overlay-gradient":""},"mobile":{"background-color":"var(--ast-global-color-4)","background-image":"","background-repeat":"repeat","background-position":"center center","background-size":"auto","background-attachment":"scroll","background-type":"","background-media":"","overlay-type":"","overlay-color":"","overlay-opacity":"","overlay-gradient":""}},"footnotes":""},"class_list":["post-13","page","type-page","status-publish","hentry"],"_links":{"self":[{"href":"https:\/\/blebeau.dectim.ca\/cours\/EP\/semaine1\/blogue\/index.php?rest_route=\/wp\/v2\/pages\/13","targetHints":{"allow":["GET"]}}],"collection":[{"href":"https:\/\/blebeau.dectim.ca\/cours\/EP\/semaine1\/blogue\/index.php?rest_route=\/wp\/v2\/pages"}],"about":[{"href":"https:\/\/blebeau.dectim.ca\/cours\/EP\/semaine1\/blogue\/index.php?rest_route=\/wp\/v2\/types\/page"}],"author":[{"embeddable":true,"href":"https:\/\/blebeau.dectim.ca\/cours\/EP\/semaine1\/blogue\/index.php?rest_route=\/wp\/v2\/users\/1"}],"replies":[{"embeddable":true,"href":"https:\/\/blebeau.dectim.ca\/cours\/EP\/semaine1\/blogue\/index.php?rest_route=%2Fwp%2Fv2%2Fcomments&post=13"}],"version-history":[{"count":6,"href":"https:\/\/blebeau.dectim.ca\/cours\/EP\/semaine1\/blogue\/index.php?rest_route=\/wp\/v2\/pages\/13\/revisions"}],"predecessor-version":[{"id":103,"href":"https:\/\/blebeau.dectim.ca\/cours\/EP\/semaine1\/blogue\/index.php?rest_route=\/wp\/v2\/pages\/13\/revisions\/103"}],"wp:attachment":[{"href":"https:\/\/blebeau.dectim.ca\/cours\/EP\/semaine1\/blogue\/index.php?rest_route=%2Fwp%2Fv2%2Fmedia&parent=13"}],"curies":[{"name":"wp","href":"https:\/\/api.w.org\/{rel}","templated":true}]}}